{"id":10,"date":"2022-02-02T17:44:33","date_gmt":"2022-02-02T16:44:33","guid":{"rendered":"https:\/\/stroehmann.de\/gutachter\/?page_id=10"},"modified":"2023-09-27T19:57:23","modified_gmt":"2023-09-27T17:57:23","slug":"kontakt","status":"publish","type":"page","link":"https:\/\/stroehmann.de\/gutachter\/kontakt\/","title":{"rendered":"Kontakt"},"content":{"rendered":"<p>[vc_row full_width=&#8220;stretch_row&#8220; css=&#8220;.vc_custom_1646123659701{margin-bottom: 0px !important;border-bottom-width: 0px !important;padding-bottom: 40px !important;background-color: #e2e2e2 !important;}&#8220;][vc_column width=&#8220;2\/3&#8243;][vc_column_text]\n<div class=\"wpcf7 no-js\" id=\"wpcf7-f67-o1\" lang=\"de-DE\" dir=\"ltr\" data-wpcf7-id=\"67\">\n<div class=\"screen-reader-response\"><p role=\"status\" aria-live=\"polite\" aria-atomic=\"true\"><\/p> <ul><\/ul><\/div>\n<form action=\"\/gutachter\/wp-json\/wp\/v2\/pages\/10#wpcf7-f67-o1\" method=\"post\" class=\"wpcf7-form init\" aria-label=\"Kontaktformular\" novalidate=\"novalidate\" data-status=\"init\">\n<div style=\"display: none;\">\n<input type=\"hidden\" name=\"_wpcf7\" value=\"67\" \/>\n<input type=\"hidden\" name=\"_wpcf7_version\" value=\"6.0.6\" \/>\n<input type=\"hidden\" name=\"_wpcf7_locale\" value=\"de_DE\" \/>\n<input type=\"hidden\" name=\"_wpcf7_unit_tag\" value=\"wpcf7-f67-o1\" \/>\n<input type=\"hidden\" name=\"_wpcf7_container_post\" value=\"0\" \/>\n<input type=\"hidden\" name=\"_wpcf7_posted_data_hash\" value=\"\" \/>\n<\/div>\n<p>FIRMA <span class=\"wpcf7-form-control-wrap\" data-name=\"firma\"><input size=\"40\" maxlength=\"400\" class=\"wpcf7-form-control wpcf7-text wpcf7-validates-as-required\" aria-required=\"true\" aria-invalid=\"false\" value=\"\" type=\"text\" name=\"firma\" \/><\/span><br \/>\nEMAIL <span class=\"wpcf7-form-control-wrap\" data-name=\"email\"><input size=\"40\" maxlength=\"400\" class=\"wpcf7-form-control wpcf7-email wpcf7-validates-as-required wpcf7-text wpcf7-validates-as-email\" aria-required=\"true\" aria-invalid=\"false\" value=\"\" type=\"email\" name=\"email\" \/><\/span><br \/>\nVORNAME <span class=\"wpcf7-form-control-wrap\" data-name=\"vorname\"><input size=\"40\" maxlength=\"400\" class=\"wpcf7-form-control wpcf7-text wpcf7-validates-as-required\" aria-required=\"true\" aria-invalid=\"false\" value=\"\" type=\"text\" name=\"vorname\" \/><\/span><br \/>\nNACHNAME <span class=\"wpcf7-form-control-wrap\" data-name=\"nachname\"><input size=\"40\" maxlength=\"400\" class=\"wpcf7-form-control wpcf7-text wpcf7-validates-as-required\" aria-required=\"true\" aria-invalid=\"false\" value=\"\" type=\"text\" name=\"nachname\" \/><\/span><br \/>\nNACHRICHT <span class=\"wpcf7-form-control-wrap\" data-name=\"nachricht\"><textarea cols=\"40\" rows=\"10\" maxlength=\"2000\" class=\"wpcf7-form-control wpcf7-textarea wpcf7-validates-as-required\" aria-required=\"true\" aria-invalid=\"false\" name=\"nachricht\"><\/textarea><\/span><br \/>\n<button class=\"wpcf7-form-control wpcf7-submit qodef-btn qodef-btn-medium qodef-btn-solid\" type=\"submit\"><span class=\"qodef-btn-text\">SENDEN ><\/span><\/button>\n<\/p><div class=\"wpcf7-response-output\" aria-hidden=\"true\"><\/div>\n<\/form>\n<\/div>\n[\/vc_column_text][\/vc_column][vc_column width=&#8220;1\/3&#8243;][vc_column_text]UWE STR\u00d6HMANN<br \/>\n\u00d6ffentlich bestellter und vereidigter<br \/>\nSachverst\u00e4ndiger f\u00fcr das Steinmetz\u2013<br \/>\nund Steinbildhauerhandwerk<br \/>\nNASSAUSTRASSE 25<br \/>\n65719 HOFHEIM\/TS. (Gewerbegebiet Wallau)<br \/>\nTEL. <a href=\"tel:+49-6122-1701427\">+49 6122 1701427<\/a><br \/>\nFAX. <a href=\"tel:+49-6122-1701424\">+49 6122 1701424<\/a><br \/>\nMAIL: <a href=\"mailto:uwe.stroehmann@stroehmann.de\" target=\"_blank\" rel=\"noopener noreferrer\">uwe.stroehmann@stroehmann.de<\/a><br \/>\nWEBSEITE: <a href=\"https:\/www.gutachter-naturstein.de\">www.gutachter-naturstein.de<\/a>[\/vc_column_text][\/vc_column][\/vc_row]<\/p>\n","protected":false},"excerpt":{"rendered":"<p>[vc_row full_width=&#8220;stretch_row&#8220; css=&#8220;.vc_custom_1646123659701{margin-bottom: 0px !important;border-bottom-width: 0px !important;padding-bottom: 40px !important;background-color: #e2e2e2 !important;}&#8220;][vc_column width=&#8220;2\/3&#8243;][vc_column_text][\/vc_column_text][\/vc_column][vc_column width=&#8220;1\/3&#8243;][vc_column_text]UWE STR\u00d6HMANN \u00d6ffentlich bestellter und vereidigter Sachverst\u00e4ndiger f\u00fcr das Steinmetz\u2013 und Steinbildhauerhandwerk NASSAUSTRASSE 25 65719 HOFHEIM\/TS. (Gewerbegebiet Wallau) TEL. +49 6122 1701427 FAX. +49 6122 1701424 MAIL: uwe.stroehmann@stroehmann.de [&hellip;]<\/p>\n","protected":false},"author":4,"featured_media":0,"parent":0,"menu_order":0,"comment_status":"closed","ping_status":"closed","template":"","meta":{"_monsterinsights_skip_tracking":false,"_monsterinsights_sitenote_active":false,"_monsterinsights_sitenote_note":"","_monsterinsights_sitenote_category":0,"footnotes":""},"class_list":["post-10","page","type-page","status-publish","hentry"],"yoast_head":"<!-- This site is optimized with the Yoast SEO plugin v25.2 - https:\/\/yoast.com\/wordpress\/plugins\/seo\/ -->\n<title>Kontakt - Gutachter Naturstein<\/title>\n<meta name=\"description\" content=\"Zur Bewertung von Sch\u00e4den an Natursteinen kontaktieren Sie den \u00f6.b.u.v. Sachverst\u00e4ndigen Uwe Str\u00f6hmann\u00f6ffentlich bestellter und vereidigter Sachverst\u00e4ndiger f\u00fcr das Steinmetz\u2013 und Steinbildhauerhandwerk\" \/>\n<meta name=\"robots\" content=\"index, follow, max-snippet:-1, max-image-preview:large, max-video-preview:-1\" \/>\n<link rel=\"canonical\" href=\"https:\/\/stroehmann.de\/gutachter\/kontakt\/\" \/>\n<meta property=\"og:locale\" content=\"de_DE\" \/>\n<meta property=\"og:type\" content=\"article\" \/>\n<meta property=\"og:title\" content=\"Kontakt - Gutachter Naturstein\" \/>\n<meta property=\"og:description\" content=\"Zur Bewertung von Sch\u00e4den an Natursteinen kontaktieren Sie den \u00f6.b.u.v. Sachverst\u00e4ndigen Uwe Str\u00f6hmann\u00f6ffentlich bestellter und vereidigter Sachverst\u00e4ndiger f\u00fcr das Steinmetz\u2013 und Steinbildhauerhandwerk\" \/>\n<meta property=\"og:url\" content=\"https:\/\/stroehmann.de\/gutachter\/kontakt\/\" \/>\n<meta property=\"og:site_name\" content=\"Gutachter Naturstein\" \/>\n<meta property=\"article:modified_time\" content=\"2023-09-27T17:57:23+00:00\" \/>\n<meta name=\"twitter:card\" content=\"summary_large_image\" \/>\n<meta name=\"twitter:label1\" content=\"Gesch\u00e4tzte Lesezeit\" \/>\n\t<meta name=\"twitter:data1\" content=\"1\u00a0Minute\" \/>\n<script type=\"application\/ld+json\" class=\"yoast-schema-graph\">{\"@context\":\"https:\/\/schema.org\",\"@graph\":[{\"@type\":\"WebPage\",\"@id\":\"https:\/\/stroehmann.de\/gutachter\/kontakt\/\",\"url\":\"https:\/\/stroehmann.de\/gutachter\/kontakt\/\",\"name\":\"Kontakt - Gutachter Naturstein\",\"isPartOf\":{\"@id\":\"https:\/\/stroehmann.de\/gutachter\/#website\"},\"datePublished\":\"2022-02-02T16:44:33+00:00\",\"dateModified\":\"2023-09-27T17:57:23+00:00\",\"description\":\"Zur Bewertung von Sch\u00e4den an Natursteinen kontaktieren Sie den \u00f6.b.u.v. Sachverst\u00e4ndigen Uwe Str\u00f6hmann\u00f6ffentlich bestellter und vereidigter Sachverst\u00e4ndiger f\u00fcr das Steinmetz\u2013 und Steinbildhauerhandwerk\",\"breadcrumb\":{\"@id\":\"https:\/\/stroehmann.de\/gutachter\/kontakt\/#breadcrumb\"},\"inLanguage\":\"de\",\"potentialAction\":[{\"@type\":\"ReadAction\",\"target\":[\"https:\/\/stroehmann.de\/gutachter\/kontakt\/\"]}]},{\"@type\":\"BreadcrumbList\",\"@id\":\"https:\/\/stroehmann.de\/gutachter\/kontakt\/#breadcrumb\",\"itemListElement\":[{\"@type\":\"ListItem\",\"position\":1,\"name\":\"Startseite\",\"item\":\"https:\/\/stroehmann.de\/gutachter\/\"},{\"@type\":\"ListItem\",\"position\":2,\"name\":\"Kontakt\"}]},{\"@type\":\"WebSite\",\"@id\":\"https:\/\/stroehmann.de\/gutachter\/#website\",\"url\":\"https:\/\/stroehmann.de\/gutachter\/\",\"name\":\"Gutachter Naturstein\",\"description\":\"\",\"potentialAction\":[{\"@type\":\"SearchAction\",\"target\":{\"@type\":\"EntryPoint\",\"urlTemplate\":\"https:\/\/stroehmann.de\/gutachter\/?s={search_term_string}\"},\"query-input\":{\"@type\":\"PropertyValueSpecification\",\"valueRequired\":true,\"valueName\":\"search_term_string\"}}],\"inLanguage\":\"de\"}]}<\/script>\n<!-- \/ Yoast SEO plugin. -->","yoast_head_json":{"title":"Kontakt - Gutachter Naturstein","description":"Zur Bewertung von Sch\u00e4den an Natursteinen kontaktieren Sie den \u00f6.b.u.v. Sachverst\u00e4ndigen Uwe Str\u00f6hmann\u00f6ffentlich bestellter und vereidigter Sachverst\u00e4ndiger f\u00fcr das Steinmetz\u2013 und Steinbildhauerhandwerk","robots":{"index":"index","follow":"follow","max-snippet":"max-snippet:-1","max-image-preview":"max-image-preview:large","max-video-preview":"max-video-preview:-1"},"canonical":"https:\/\/stroehmann.de\/gutachter\/kontakt\/","og_locale":"de_DE","og_type":"article","og_title":"Kontakt - Gutachter Naturstein","og_description":"Zur Bewertung von Sch\u00e4den an Natursteinen kontaktieren Sie den \u00f6.b.u.v. Sachverst\u00e4ndigen Uwe Str\u00f6hmann\u00f6ffentlich bestellter und vereidigter Sachverst\u00e4ndiger f\u00fcr das Steinmetz\u2013 und Steinbildhauerhandwerk","og_url":"https:\/\/stroehmann.de\/gutachter\/kontakt\/","og_site_name":"Gutachter Naturstein","article_modified_time":"2023-09-27T17:57:23+00:00","twitter_card":"summary_large_image","twitter_misc":{"Gesch\u00e4tzte Lesezeit":"1\u00a0Minute"},"schema":{"@context":"https:\/\/schema.org","@graph":[{"@type":"WebPage","@id":"https:\/\/stroehmann.de\/gutachter\/kontakt\/","url":"https:\/\/stroehmann.de\/gutachter\/kontakt\/","name":"Kontakt - Gutachter Naturstein","isPartOf":{"@id":"https:\/\/stroehmann.de\/gutachter\/#website"},"datePublished":"2022-02-02T16:44:33+00:00","dateModified":"2023-09-27T17:57:23+00:00","description":"Zur Bewertung von Sch\u00e4den an Natursteinen kontaktieren Sie den \u00f6.b.u.v. Sachverst\u00e4ndigen Uwe Str\u00f6hmann\u00f6ffentlich bestellter und vereidigter Sachverst\u00e4ndiger f\u00fcr das Steinmetz\u2013 und Steinbildhauerhandwerk","breadcrumb":{"@id":"https:\/\/stroehmann.de\/gutachter\/kontakt\/#breadcrumb"},"inLanguage":"de","potentialAction":[{"@type":"ReadAction","target":["https:\/\/stroehmann.de\/gutachter\/kontakt\/"]}]},{"@type":"BreadcrumbList","@id":"https:\/\/stroehmann.de\/gutachter\/kontakt\/#breadcrumb","itemListElement":[{"@type":"ListItem","position":1,"name":"Startseite","item":"https:\/\/stroehmann.de\/gutachter\/"},{"@type":"ListItem","position":2,"name":"Kontakt"}]},{"@type":"WebSite","@id":"https:\/\/stroehmann.de\/gutachter\/#website","url":"https:\/\/stroehmann.de\/gutachter\/","name":"Gutachter Naturstein","description":"","potentialAction":[{"@type":"SearchAction","target":{"@type":"EntryPoint","urlTemplate":"https:\/\/stroehmann.de\/gutachter\/?s={search_term_string}"},"query-input":{"@type":"PropertyValueSpecification","valueRequired":true,"valueName":"search_term_string"}}],"inLanguage":"de"}]}},"_links":{"self":[{"href":"https:\/\/stroehmann.de\/gutachter\/wp-json\/wp\/v2\/pages\/10","targetHints":{"allow":["GET"]}}],"collection":[{"href":"https:\/\/stroehmann.de\/gutachter\/wp-json\/wp\/v2\/pages"}],"about":[{"href":"https:\/\/stroehmann.de\/gutachter\/wp-json\/wp\/v2\/types\/page"}],"author":[{"embeddable":true,"href":"https:\/\/stroehmann.de\/gutachter\/wp-json\/wp\/v2\/users\/4"}],"replies":[{"embeddable":true,"href":"https:\/\/stroehmann.de\/gutachter\/wp-json\/wp\/v2\/comments?post=10"}],"version-history":[{"count":8,"href":"https:\/\/stroehmann.de\/gutachter\/wp-json\/wp\/v2\/pages\/10\/revisions"}],"predecessor-version":[{"id":112,"href":"https:\/\/stroehmann.de\/gutachter\/wp-json\/wp\/v2\/pages\/10\/revisions\/112"}],"wp:attachment":[{"href":"https:\/\/stroehmann.de\/gutachter\/wp-json\/wp\/v2\/media?parent=10"}],"curies":[{"name":"wp","href":"https:\/\/api.w.org\/{rel}","templated":true}]}}