{"id":14,"date":"2022-02-02T20:37:17","date_gmt":"2022-02-02T19:37:17","guid":{"rendered":"https:\/\/stroehmann.de\/gutachter\/?page_id=14"},"modified":"2023-01-11T11:17:16","modified_gmt":"2023-01-11T10:17:16","slug":"qualifikation","status":"publish","type":"page","link":"https:\/\/stroehmann.de\/gutachter\/qualifikation\/","title":{"rendered":"Qualifikation Uwe Str\u00f6hmann"},"content":{"rendered":"<p>[vc_row full_width=&#8220;stretch_row_content_no_spaces&#8220; content_placement=&#8220;middle&#8220; content_text_aligment=&#8220;center&#8220; enable_skewed_section_effect=&#8220;yes&#8220; css=&#8220;.vc_custom_1648029380078{background-image: url(https:\/\/stroehmann.de\/gutachter\/wp-content\/uploads\/sites\/2\/2022\/02\/gutachter-naturstein-welle-e1648028815538.jpg?id=52) !important;background-position: center !important;background-repeat: no-repeat !important;background-size: cover !important;}&#8220;][vc_column offset=&#8220;vc_hidden-md vc_hidden-sm vc_hidden-xs&#8220;][vc_empty_space height=&#8220;160px&#8220;][vc_custom_heading text=&#8220;SACHVERST\u00c4NDIGENLEISTUNG UND ERSTELLUNG VON GUTACHTEN&#8220; font_container=&#8220;tag:h2|text_align:center|color:%2359d600|line_height:60px&#8220; use_theme_fonts=&#8220;yes&#8220; css=&#8220;.vc_custom_1648029718090{background-color: #ebebeb !important;}&#8220; el_class=&#8220;heading-special&#8220;][vc_empty_space height=&#8220;200px&#8220;][\/vc_column][\/vc_row][vc_row full_width=&#8220;stretch_row_content_no_spaces&#8220; content_placement=&#8220;middle&#8220; content_text_aligment=&#8220;center&#8220; enable_skewed_section_effect=&#8220;yes&#8220; css=&#8220;.vc_custom_1648029380078{background-image: url(https:\/\/stroehmann.de\/gutachter\/wp-content\/uploads\/sites\/2\/2022\/02\/gutachter-naturstein-welle-e1648028815538.jpg?id=52) !important;background-position: center !important;background-repeat: no-repeat !important;background-size: cover !important;}&#8220;][vc_column offset=&#8220;vc_hidden-lg&#8220;][vc_empty_space height=&#8220;60px&#8220;][vc_custom_heading text=&#8220;SACHVERST\u00c4NDIGENLEISTUNG UND ERSTELLUNG VON GUTACHTEN&#8220; font_container=&#8220;tag:h2|text_align:center|color:%2359d600|line_height:60px&#8220; use_theme_fonts=&#8220;yes&#8220; css=&#8220;.vc_custom_1648029718090{background-color: #ebebeb !important;}&#8220; el_class=&#8220;heading-special&#8220;][vc_empty_space height=&#8220;80px&#8220;][\/vc_column][\/vc_row][vc_row full_width=&#8220;stretch_row_content&#8220; disable_element=&#8220;yes&#8220; css=&#8220;.vc_custom_1649151959754{background-image: url(https:\/\/stroehmann.de\/gutachter\/wp-content\/uploads\/sites\/2\/2022\/02\/gutachter-naturstein-detail-portrait.jpg?id=50) !important;background-position: center !important;background-repeat: no-repeat !important;background-size: cover !important;}&#8220;][vc_column offset=&#8220;vc_hidden-xs&#8220;][vc_empty_space height=&#8220;520px&#8220;][\/vc_column][\/vc_row][vc_row full_width=&#8220;stretch_row_content_no_spaces&#8220; disable_element=&#8220;yes&#8220; disable_background_image=&#8220;&#8220; content_text_aligment=&#8220;center&#8220; enable_skewed_section_effect=&#8220;yes&#8220; simple_background_image=&#8220;89&#8243;][vc_column offset=&#8220;vc_hidden-lg vc_hidden-md vc_hidden-sm&#8220;][vc_empty_space height=&#8220;311px&#8220;][\/vc_column][\/vc_row][vc_row css=&#8220;.vc_custom_1646128690643{margin-bottom: 40px !important;}&#8220;][vc_column width=&#8220;2\/3&#8243;][vc_custom_heading text=&#8220;QUALIFIKATION&#8220; use_theme_fonts=&#8220;yes&#8220; css=&#8220;.vc_custom_1647873325179{margin-top: 50px !important;margin-bottom: 40px !important;}&#8220;][vc_column_text]Durch Uwe Str\u00f6hmanns langj\u00e4hrige Berufst\u00e4tigkeit in der Natursteinbranche und den regelm\u00e4\u00dfigen Besuch zahlreicher Seminare ist sein Fachwissen entsprechend dem aktuellen Stand der Technik und den anerkannten Regeln der Technik sichergestellt.<\/p>\n<ul>\n<li>Steinmetz- und Steinbildhauermeister<\/li>\n<li>\u00d6ffentlich bestellter und vereidigter Sachverst\u00e4ndiger<\/li>\n<li>Eigene Fortbildungsma\u00dfnahmen unter anderem bei der Akademie des Handwerks in Raesfeld, Handwerkskammer Rhein Main, Bundesverband Deutscher Steinmetze, Ebner Verlag<\/li>\n<\/ul>\n<p>Uwe Str\u00f6hmann ist ein erfahrener Sachverst\u00e4ndiger f\u00fcr Naturstein, der \u00fcber umfangreiche Kenntnisse und Erfahrungen im Bereich des Natursteinbaus und -designs verf\u00fcgt. Er hat sich auf die Beurteilung, Inspektion und Sanierung von Natursteinbauteilen spezialisiert und verf\u00fcgt \u00fcber ein breites Wissen \u00fcber verschiedene Natursteinarten und -qualit\u00e4ten.<br \/>\nEine der St\u00e4rken von Uwe Str\u00f6hmann ist seine fundierte Fachkenntnis. Er hat ein tiefes Verst\u00e4ndnis f\u00fcr die Eigenschaften und Anforderungen von Naturstein und kann daher genau beurteilen, ob bestimmte Natursteinbauteile den aktuellen Sicherheits- und Qualit\u00e4tsstandards entsprechen.<br \/>\nZudem ist Uwe Str\u00f6hmann ein sehr zuverl\u00e4ssiger Sachverst\u00e4ndiger, der seine Auftr\u00e4ge termingerecht und professionell erledigt. Er arbeitet gr\u00fcndlich und sorgf\u00e4ltig und l\u00e4sst keine Details aus den Augen.<br \/>\nEin weiterer Pluspunkt von Uwe Str\u00f6hmann ist seine Kommunikationsf\u00e4higkeit. Er ist ein sehr guter Zuh\u00f6rer und kann sich gut in die Situation seiner Kunden hineinversetzen. Er erkl\u00e4rt seine Ergebnisse und Empfehlungen verst\u00e4ndlich und gibt klare Anweisungen, wie man eventuelle M\u00e4ngel beheben kann.<br \/>\nInsgesamt ist Uwe Str\u00f6hmann ein Sachverst\u00e4ndiger f\u00fcr Naturstein, dem man vertrauen kann. Er ist ein Fachmann, der sein Handwerk versteht und immer bem\u00fcht ist, seine Kunden zufriedenzustellen.<br \/>\nWenn Sie also einen Sachverst\u00e4ndigen f\u00fcr Naturstein suchen, der fundiert, zuverl\u00e4ssig und kommunikativ ist, dann ist Uwe Str\u00f6hmann der Richtige f\u00fcr Sie.[\/vc_column_text][\/vc_column][vc_column width=&#8220;1\/3&#8243;][vc_single_image image=&#8220;89&#8243; img_size=&#8220;full&#8220; alignment=&#8220;right&#8220; css=&#8220;.vc_custom_1649151788209{margin-top: 50px !important;}&#8220;][\/vc_column][\/vc_row][vc_row css=&#8220;.vc_custom_1646128732155{margin-bottom: 40px !important;}&#8220;][vc_column][vc_column_text]<\/p>\n<h3>UWE STR\u00d6HMANN<\/h3>\n<p>Von der Handwerkskammer Rhein-Main \u00f6ffentlich bestellter und vereidigter Sachverst\u00e4ndiger f\u00fcr das Steinmetz- und Steinbildhauer-Handwerk.<br \/>\nStaatlich gepr\u00fcfter Steinmetz- und Steinbildhauermeister.<\/p>\n<div class=\"page\" title=\"Page 2\">\n<div class=\"layoutArea\">\n<div class=\"column\">\n<p>Nassaustra\u00dfe 25, 65719 Hofheim-Wallau,Tel <a href=\"tel:+4961221701427\">06122-1701427<\/a>, Fax 06122-1701424<\/p>\n<p>Mobil <a href=\"tel:+491726600999\">0172-6600999<\/a>, Email: <a href=\"mailto:uwe.stroehmann@stroehmann.de\">uwe.stroehmann@stroehmann.de<\/a><\/p>\n<\/div>\n<\/div>\n<\/div>\n<p>[\/vc_column_text][\/vc_column][\/vc_row]<\/p>\n","protected":false},"excerpt":{"rendered":"<p>[vc_row full_width=&#8220;stretch_row_content_no_spaces&#8220; content_placement=&#8220;middle&#8220; content_text_aligment=&#8220;center&#8220; enable_skewed_section_effect=&#8220;yes&#8220; css=&#8220;.vc_custom_1648029380078{background-image: url(https:\/\/stroehmann.de\/gutachter\/wp-content\/uploads\/sites\/2\/2022\/02\/gutachter-naturstein-welle-e1648028815538.jpg?id=52) !important;background-position: center !important;background-repeat: no-repeat !important;background-size: cover !important;}&#8220;][vc_column offset=&#8220;vc_hidden-md vc_hidden-sm vc_hidden-xs&#8220;][vc_empty_space height=&#8220;160px&#8220;][vc_custom_heading text=&#8220;SACHVERST\u00c4NDIGENLEISTUNG UND ERSTELLUNG VON GUTACHTEN&#8220; font_container=&#8220;tag:h2|text_align:center|color:%2359d600|line_height:60px&#8220; use_theme_fonts=&#8220;yes&#8220; css=&#8220;.vc_custom_1648029718090{background-color: #ebebeb !important;}&#8220; el_class=&#8220;heading-special&#8220;][vc_empty_space height=&#8220;200px&#8220;][\/vc_column][\/vc_row][vc_row full_width=&#8220;stretch_row_content_no_spaces&#8220; content_placement=&#8220;middle&#8220; content_text_aligment=&#8220;center&#8220; enable_skewed_section_effect=&#8220;yes&#8220; css=&#8220;.vc_custom_1648029380078{background-image: url(https:\/\/stroehmann.de\/gutachter\/wp-content\/uploads\/sites\/2\/2022\/02\/gutachter-naturstein-welle-e1648028815538.jpg?id=52) !important;background-position: center !important;background-repeat: no-repeat [&hellip;]<\/p>\n","protected":false},"author":4,"featured_media":0,"parent":0,"menu_order":0,"comment_status":"closed","ping_status":"closed","template":"","meta":{"_monsterinsights_skip_tracking":false,"_monsterinsights_sitenote_active":false,"_monsterinsights_sitenote_note":"","_monsterinsights_sitenote_category":0,"footnotes":""},"class_list":["post-14","page","type-page","status-publish","hentry"],"yoast_head":"<!-- This site is optimized with the Yoast SEO plugin v25.2 - https:\/\/yoast.com\/wordpress\/plugins\/seo\/ -->\n<title>Qualifikation Uwe Str\u00f6hmann - Gutachter Naturstein<\/title>\n<meta name=\"description\" content=\"Uwe Str\u00f6hmann - Von der Handwerkskammer Rhein-Main \u00f6ffentlich bestellter und vereidigter Sachverst\u00e4ndiger f\u00fcr das Steinmetz- und Steinbildhauer-Handwerk\" \/>\n<meta name=\"robots\" content=\"index, follow, max-snippet:-1, max-image-preview:large, max-video-preview:-1\" \/>\n<link rel=\"canonical\" href=\"https:\/\/stroehmann.de\/gutachter\/qualifikation\/\" \/>\n<meta property=\"og:locale\" content=\"de_DE\" \/>\n<meta property=\"og:type\" content=\"article\" \/>\n<meta property=\"og:title\" content=\"Qualifikation Uwe Str\u00f6hmann - Gutachter Naturstein\" \/>\n<meta property=\"og:description\" content=\"Uwe Str\u00f6hmann - Von der Handwerkskammer Rhein-Main \u00f6ffentlich bestellter und vereidigter Sachverst\u00e4ndiger f\u00fcr das Steinmetz- und Steinbildhauer-Handwerk\" \/>\n<meta property=\"og:url\" content=\"https:\/\/stroehmann.de\/gutachter\/qualifikation\/\" \/>\n<meta property=\"og:site_name\" content=\"Gutachter Naturstein\" \/>\n<meta property=\"article:modified_time\" content=\"2023-01-11T10:17:16+00:00\" \/>\n<meta name=\"twitter:card\" content=\"summary_large_image\" \/>\n<meta name=\"twitter:label1\" content=\"Gesch\u00e4tzte Lesezeit\" \/>\n\t<meta name=\"twitter:data1\" content=\"3\u00a0Minuten\" \/>\n<script type=\"application\/ld+json\" class=\"yoast-schema-graph\">{\"@context\":\"https:\/\/schema.org\",\"@graph\":[{\"@type\":\"WebPage\",\"@id\":\"https:\/\/stroehmann.de\/gutachter\/qualifikation\/\",\"url\":\"https:\/\/stroehmann.de\/gutachter\/qualifikation\/\",\"name\":\"Qualifikation Uwe Str\u00f6hmann - Gutachter Naturstein\",\"isPartOf\":{\"@id\":\"https:\/\/stroehmann.de\/gutachter\/#website\"},\"datePublished\":\"2022-02-02T19:37:17+00:00\",\"dateModified\":\"2023-01-11T10:17:16+00:00\",\"description\":\"Uwe Str\u00f6hmann - Von der Handwerkskammer Rhein-Main \u00f6ffentlich bestellter und vereidigter Sachverst\u00e4ndiger f\u00fcr das Steinmetz- und Steinbildhauer-Handwerk\",\"breadcrumb\":{\"@id\":\"https:\/\/stroehmann.de\/gutachter\/qualifikation\/#breadcrumb\"},\"inLanguage\":\"de\",\"potentialAction\":[{\"@type\":\"ReadAction\",\"target\":[\"https:\/\/stroehmann.de\/gutachter\/qualifikation\/\"]}]},{\"@type\":\"BreadcrumbList\",\"@id\":\"https:\/\/stroehmann.de\/gutachter\/qualifikation\/#breadcrumb\",\"itemListElement\":[{\"@type\":\"ListItem\",\"position\":1,\"name\":\"Startseite\",\"item\":\"https:\/\/stroehmann.de\/gutachter\/\"},{\"@type\":\"ListItem\",\"position\":2,\"name\":\"Qualifikation Uwe Str\u00f6hmann\"}]},{\"@type\":\"WebSite\",\"@id\":\"https:\/\/stroehmann.de\/gutachter\/#website\",\"url\":\"https:\/\/stroehmann.de\/gutachter\/\",\"name\":\"Gutachter Naturstein\",\"description\":\"\",\"potentialAction\":[{\"@type\":\"SearchAction\",\"target\":{\"@type\":\"EntryPoint\",\"urlTemplate\":\"https:\/\/stroehmann.de\/gutachter\/?s={search_term_string}\"},\"query-input\":{\"@type\":\"PropertyValueSpecification\",\"valueRequired\":true,\"valueName\":\"search_term_string\"}}],\"inLanguage\":\"de\"}]}<\/script>\n<!-- \/ Yoast SEO plugin. -->","yoast_head_json":{"title":"Qualifikation Uwe Str\u00f6hmann - Gutachter Naturstein","description":"Uwe Str\u00f6hmann - Von der Handwerkskammer Rhein-Main \u00f6ffentlich bestellter und vereidigter Sachverst\u00e4ndiger f\u00fcr das Steinmetz- und Steinbildhauer-Handwerk","robots":{"index":"index","follow":"follow","max-snippet":"max-snippet:-1","max-image-preview":"max-image-preview:large","max-video-preview":"max-video-preview:-1"},"canonical":"https:\/\/stroehmann.de\/gutachter\/qualifikation\/","og_locale":"de_DE","og_type":"article","og_title":"Qualifikation Uwe Str\u00f6hmann - Gutachter Naturstein","og_description":"Uwe Str\u00f6hmann - Von der Handwerkskammer Rhein-Main \u00f6ffentlich bestellter und vereidigter Sachverst\u00e4ndiger f\u00fcr das Steinmetz- und Steinbildhauer-Handwerk","og_url":"https:\/\/stroehmann.de\/gutachter\/qualifikation\/","og_site_name":"Gutachter Naturstein","article_modified_time":"2023-01-11T10:17:16+00:00","twitter_card":"summary_large_image","twitter_misc":{"Gesch\u00e4tzte Lesezeit":"3\u00a0Minuten"},"schema":{"@context":"https:\/\/schema.org","@graph":[{"@type":"WebPage","@id":"https:\/\/stroehmann.de\/gutachter\/qualifikation\/","url":"https:\/\/stroehmann.de\/gutachter\/qualifikation\/","name":"Qualifikation Uwe Str\u00f6hmann - Gutachter Naturstein","isPartOf":{"@id":"https:\/\/stroehmann.de\/gutachter\/#website"},"datePublished":"2022-02-02T19:37:17+00:00","dateModified":"2023-01-11T10:17:16+00:00","description":"Uwe Str\u00f6hmann - Von der Handwerkskammer Rhein-Main \u00f6ffentlich bestellter und vereidigter Sachverst\u00e4ndiger f\u00fcr das Steinmetz- und Steinbildhauer-Handwerk","breadcrumb":{"@id":"https:\/\/stroehmann.de\/gutachter\/qualifikation\/#breadcrumb"},"inLanguage":"de","potentialAction":[{"@type":"ReadAction","target":["https:\/\/stroehmann.de\/gutachter\/qualifikation\/"]}]},{"@type":"BreadcrumbList","@id":"https:\/\/stroehmann.de\/gutachter\/qualifikation\/#breadcrumb","itemListElement":[{"@type":"ListItem","position":1,"name":"Startseite","item":"https:\/\/stroehmann.de\/gutachter\/"},{"@type":"ListItem","position":2,"name":"Qualifikation Uwe Str\u00f6hmann"}]},{"@type":"WebSite","@id":"https:\/\/stroehmann.de\/gutachter\/#website","url":"https:\/\/stroehmann.de\/gutachter\/","name":"Gutachter Naturstein","description":"","potentialAction":[{"@type":"SearchAction","target":{"@type":"EntryPoint","urlTemplate":"https:\/\/stroehmann.de\/gutachter\/?s={search_term_string}"},"query-input":{"@type":"PropertyValueSpecification","valueRequired":true,"valueName":"search_term_string"}}],"inLanguage":"de"}]}},"_links":{"self":[{"href":"https:\/\/stroehmann.de\/gutachter\/wp-json\/wp\/v2\/pages\/14","targetHints":{"allow":["GET"]}}],"collection":[{"href":"https:\/\/stroehmann.de\/gutachter\/wp-json\/wp\/v2\/pages"}],"about":[{"href":"https:\/\/stroehmann.de\/gutachter\/wp-json\/wp\/v2\/types\/page"}],"author":[{"embeddable":true,"href":"https:\/\/stroehmann.de\/gutachter\/wp-json\/wp\/v2\/users\/4"}],"replies":[{"embeddable":true,"href":"https:\/\/stroehmann.de\/gutachter\/wp-json\/wp\/v2\/comments?post=14"}],"version-history":[{"count":37,"href":"https:\/\/stroehmann.de\/gutachter\/wp-json\/wp\/v2\/pages\/14\/revisions"}],"predecessor-version":[{"id":147,"href":"https:\/\/stroehmann.de\/gutachter\/wp-json\/wp\/v2\/pages\/14\/revisions\/147"}],"wp:attachment":[{"href":"https:\/\/stroehmann.de\/gutachter\/wp-json\/wp\/v2\/media?parent=14"}],"curies":[{"name":"wp","href":"https:\/\/api.w.org\/{rel}","templated":true}]}}