{"id":22,"date":"2022-02-02T21:17:19","date_gmt":"2022-02-02T20:17:19","guid":{"rendered":"https:\/\/stroehmann.de\/gutachter\/?page_id=22"},"modified":"2022-06-20T13:31:21","modified_gmt":"2022-06-20T11:31:21","slug":"datenschutz","status":"publish","type":"page","link":"https:\/\/stroehmann.de\/gutachter\/datenschutz\/","title":{"rendered":"Datenschutz"},"content":{"rendered":"<p>[vc_row][vc_column][vc_column_text]In dieser Datenschutzerkl\u00e4rung informieren wir Sie \u00fcber die Verarbeitung Ihrer personenbezogenen Daten.<\/p>\n<h2>Verantwortlich<\/h2>\n<p>Uwe Str\u00f6hmann, Nassaustra\u00dfe 25, 65719 Hofheim, Deutschland, <a href=\"mailto:uwe.stroehmann@stroehmann.de\">uwe.stroehmann@stroehmann.de<\/a>, <a href=\"tel:06122170140\">06122-170140<\/a><\/p>\n<h2>Hosting<\/h2>\n<h3>1&amp;1 IONOS SE<\/h3>\n<p>Wir hosten unsere Website bei unserem Auftragsverarbeiter\u00a0<a href=\"https:\/\/www.ionos.at\/\" target=\"_blank\" rel=\"noopener\">1&amp;1 IONOS<\/a>, 1&amp;1 IONOS SE, Elgendorfer Str. 57, 56410 Montabaur, Deutschland.<\/p>\n<p>Zum Zweck der Bereitstellung und der Auslieferung der Website werden Verbindungsdaten verarbeitet. Zum blo\u00dfen Zweck der Auslieferung und Bereitstellung der Website werden die Daten \u00fcber den Aufruf hinaus nicht gespeichert.<\/p>\n<p>Die Rechtsgrundlage f\u00fcr die Datenverarbeitung ist das berechtigte Interesse (unbedingte technische Notwendigkeit zur Bereitstellung und Auslieferung des von ihnen durch Ihren Aufruf ausdr\u00fccklich gew\u00fcnschten Dienstes \u201eWebsite\u201c) gem\u00e4\u00df Art. 6 Abs. 1 lit. f DSGVO.<\/p>\n<p>Zum Betrieb der Website werden die Verbindungsdaten und weitere personenbezogenen Daten zus\u00e4tzlich im Rahmen diverser anderer Funktionen bzw. Dienste verarbeitet. Dar\u00fcber wird im Rahmen dieser Datenschutzerkl\u00e4rung bei den einzelnen Funktionen bzw. Diensten im Detail informiert.<\/p>\n<p>&nbsp;<\/p>\n<h2>Server Log Files<\/h2>\n<p>Zum Zweck der \u00dcberwachung der technischen Funktion und zur Erh\u00f6hung der Betriebssicherheit unseres Webhosts werden Verbindungsdaten verarbeitet. Die Dauer der Verarbeitung ist auf Tage beschr\u00e4nkt.<\/p>\n<p>Die Rechtsgrundlage f\u00fcr die Datenverarbeitung ist das berechtigte Interesse (unbedingte technische Notwendigkeit eines Server Log Files als grundlegende Datenbasis zur Fehleranalyse und f\u00fcr Sicherheitsma\u00dfnahmen im Rahmen des durch Ihren Aufruf ausdr\u00fccklich gew\u00fcnschten Dienstes \u201eWebsite\u201c) gem\u00e4\u00df Art. 6 Abs. 1 lit. f DSGVO.<\/p>\n<p>&nbsp;<\/p>\n<h2>Kontaktformular<\/h2>\n<p>Auf unserer Website besteht die M\u00f6glichkeit, durch ein Kontaktformular direkt mit uns in Kontakt zu treten. Nach Absenden des Kontaktformulars erfolgt eine Verarbeitung der von ihnen eingegebenen personenbezogenen Daten durch den Verantwortlichen zum Zweck der Bearbeitung Ihrer Anfrage auf Grundlage der von ihnen durch das Absenden des Formulars erteilten Einwilligung gem. Art. 6 Abs. 1 lit. a DSGVO bis auf Widerruf.<br \/>\nEs besteht keine gesetzliche oder vertragliche Verpflichtung zur Bereitstellung der personenbezogenen Daten. Die Nichtbereitstellung hat lediglich zur Folge, dass Sie Ihr Anliegen nicht \u00fcbermitteln und wir dieses nicht bearbeiten k\u00f6nnen.<\/p>\n<p>&nbsp;<\/p>\n<h2>Web-Schriften<\/h2>\n<p>Wir verarbeiten mit unserem Auftragsverarbeiter\u00a0<a href=\"https:\/\/fonts.google.com\/\" target=\"_blank\" rel=\"noopener\">Google Fonts<\/a>, Google Ireland Limited, Gordon House, Barrow Street, Dublin 4, Irland Verbindungsdaten und Browserdaten zum Zweck der Bereitstellung der vom Webbrowser zur Anzeige der Website ben\u00f6tigten Schriftarten. Diese Daten werden nur f\u00fcr die zur Auswahl und \u00dcbermittlung der Schriftarten ben\u00f6tigte Dauer verarbeitet.<\/p>\n<p>Die Rechtsgrundlage f\u00fcr die Datenverarbeitung ist das berechtigte Interesse (unbedingte technische Notwendigkeit zur Bereitstellung und Auslieferung des von ihnen durch Ihren Aufruf ausdr\u00fccklich gew\u00fcnschten Dienstes \u201eWebsite\u201c) gem\u00e4\u00df Art. 6 Abs. 1 lit. f DSGVO.<\/p>\n<p>Soweit durch Google Fonts eine weitergehende eigenst\u00e4ndige Verarbeitung der Daten erfolgt, ist Google daf\u00fcr alleinige Verantwortliche. Details finden Sie in der\u00a0<a href=\"https:\/\/policies.google.com\/privacy?gl=AT&amp;hl=de#intro\" target=\"_blank\" rel=\"noopener\">Datenschutzerkl\u00e4rung<\/a>\u00a0und in den\u00a0<a href=\"https:\/\/developers.google.com\/fonts\/faq\" target=\"_blank\" rel=\"noopener\">FAQ<\/a>\u00a0von Google Fonts.<\/p>\n<p>&nbsp;<\/p>\n<h2>Betroffenenrechte<\/h2>\n<p>Sie haben zudem das Recht auf Auskunft, Berichtigung, L\u00f6schung und Einschr\u00e4nkung der Verarbeitung der personenbezogenen Daten.<\/p>\n<p>Soweit die Rechtsgrundlage der Verarbeitung Ihrer personenbezogenen Daten in Ihrer Einwilligung oder in einem mit Ihnen abgeschlossenen Vertrag besteht, haben Sie \u00fcberdies das Recht auf Daten\u00fcbertragbarkeit.<\/p>\n<p>Weiters haben Sie das Recht auf Beschwerde bei der Aufsichtsbeh\u00f6rde. N\u00e4here Informationen zu den Aufsichtsbeh\u00f6rden in der Europ\u00e4ischen Union finden Sie\u00a0<a title=\"Datenschutzbeh\u00f6rden\" href=\"https:\/\/ec.europa.eu\/justice\/article-29\/structure\/data-protection-authorities\/index_en.htm\" target=\"_blank\" rel=\"noopener\">hier<\/a>.[\/vc_column_text][\/vc_column][\/vc_row][vc_row][vc_column][vc_empty_space][\/vc_column][\/vc_row]<\/p>\n","protected":false},"excerpt":{"rendered":"<p>[vc_row][vc_column][vc_column_text]In dieser Datenschutzerkl\u00e4rung informieren wir Sie \u00fcber die Verarbeitung Ihrer personenbezogenen Daten. Verantwortlich Uwe Str\u00f6hmann, Nassaustra\u00dfe 25, 65719 Hofheim, Deutschland, uwe.stroehmann@stroehmann.de, 06122-170140 Hosting 1&amp;1 IONOS SE Wir hosten unsere Website bei unserem Auftragsverarbeiter\u00a01&amp;1 IONOS, 1&amp;1 IONOS SE, Elgendorfer Str. 57, [&hellip;]<\/p>\n","protected":false},"author":4,"featured_media":0,"parent":0,"menu_order":0,"comment_status":"closed","ping_status":"closed","template":"","meta":{"_monsterinsights_skip_tracking":false,"_monsterinsights_sitenote_active":false,"_monsterinsights_sitenote_note":"","_monsterinsights_sitenote_category":0,"footnotes":""},"class_list":["post-22","page","type-page","status-publish","hentry"],"yoast_head":"<!-- This site is optimized with the Yoast SEO plugin v25.2 - https:\/\/yoast.com\/wordpress\/plugins\/seo\/ -->\n<title>Datenschutz - Gutachter Naturstein<\/title>\n<meta name=\"robots\" content=\"index, follow, max-snippet:-1, max-image-preview:large, max-video-preview:-1\" \/>\n<link rel=\"canonical\" href=\"https:\/\/stroehmann.de\/gutachter\/datenschutz\/\" \/>\n<meta property=\"og:locale\" content=\"de_DE\" \/>\n<meta property=\"og:type\" content=\"article\" \/>\n<meta property=\"og:title\" content=\"Datenschutz - Gutachter Naturstein\" \/>\n<meta property=\"og:description\" content=\"[vc_row][vc_column][vc_column_text]In dieser Datenschutzerkl\u00e4rung informieren wir Sie \u00fcber die Verarbeitung Ihrer personenbezogenen Daten. Verantwortlich Uwe Str\u00f6hmann, Nassaustra\u00dfe 25, 65719 Hofheim, Deutschland, uwe.stroehmann@stroehmann.de, 06122-170140 Hosting 1&amp;1 IONOS SE Wir hosten unsere Website bei unserem Auftragsverarbeiter\u00a01&amp;1 IONOS, 1&amp;1 IONOS SE, Elgendorfer Str. 57, [&hellip;]\" \/>\n<meta property=\"og:url\" content=\"https:\/\/stroehmann.de\/gutachter\/datenschutz\/\" \/>\n<meta property=\"og:site_name\" content=\"Gutachter Naturstein\" \/>\n<meta property=\"article:modified_time\" content=\"2022-06-20T11:31:21+00:00\" \/>\n<meta name=\"twitter:card\" content=\"summary_large_image\" \/>\n<meta name=\"twitter:label1\" content=\"Gesch\u00e4tzte Lesezeit\" \/>\n\t<meta name=\"twitter:data1\" content=\"3\u00a0Minuten\" \/>\n<script type=\"application\/ld+json\" class=\"yoast-schema-graph\">{\"@context\":\"https:\/\/schema.org\",\"@graph\":[{\"@type\":\"WebPage\",\"@id\":\"https:\/\/stroehmann.de\/gutachter\/datenschutz\/\",\"url\":\"https:\/\/stroehmann.de\/gutachter\/datenschutz\/\",\"name\":\"Datenschutz - Gutachter Naturstein\",\"isPartOf\":{\"@id\":\"https:\/\/stroehmann.de\/gutachter\/#website\"},\"datePublished\":\"2022-02-02T20:17:19+00:00\",\"dateModified\":\"2022-06-20T11:31:21+00:00\",\"breadcrumb\":{\"@id\":\"https:\/\/stroehmann.de\/gutachter\/datenschutz\/#breadcrumb\"},\"inLanguage\":\"de\",\"potentialAction\":[{\"@type\":\"ReadAction\",\"target\":[\"https:\/\/stroehmann.de\/gutachter\/datenschutz\/\"]}]},{\"@type\":\"BreadcrumbList\",\"@id\":\"https:\/\/stroehmann.de\/gutachter\/datenschutz\/#breadcrumb\",\"itemListElement\":[{\"@type\":\"ListItem\",\"position\":1,\"name\":\"Startseite\",\"item\":\"https:\/\/stroehmann.de\/gutachter\/\"},{\"@type\":\"ListItem\",\"position\":2,\"name\":\"Datenschutz\"}]},{\"@type\":\"WebSite\",\"@id\":\"https:\/\/stroehmann.de\/gutachter\/#website\",\"url\":\"https:\/\/stroehmann.de\/gutachter\/\",\"name\":\"Gutachter Naturstein\",\"description\":\"\",\"potentialAction\":[{\"@type\":\"SearchAction\",\"target\":{\"@type\":\"EntryPoint\",\"urlTemplate\":\"https:\/\/stroehmann.de\/gutachter\/?s={search_term_string}\"},\"query-input\":{\"@type\":\"PropertyValueSpecification\",\"valueRequired\":true,\"valueName\":\"search_term_string\"}}],\"inLanguage\":\"de\"}]}<\/script>\n<!-- \/ Yoast SEO plugin. -->","yoast_head_json":{"title":"Datenschutz - Gutachter Naturstein","robots":{"index":"index","follow":"follow","max-snippet":"max-snippet:-1","max-image-preview":"max-image-preview:large","max-video-preview":"max-video-preview:-1"},"canonical":"https:\/\/stroehmann.de\/gutachter\/datenschutz\/","og_locale":"de_DE","og_type":"article","og_title":"Datenschutz - Gutachter Naturstein","og_description":"[vc_row][vc_column][vc_column_text]In dieser Datenschutzerkl\u00e4rung informieren wir Sie \u00fcber die Verarbeitung Ihrer personenbezogenen Daten. Verantwortlich Uwe Str\u00f6hmann, Nassaustra\u00dfe 25, 65719 Hofheim, Deutschland, uwe.stroehmann@stroehmann.de, 06122-170140 Hosting 1&amp;1 IONOS SE Wir hosten unsere Website bei unserem Auftragsverarbeiter\u00a01&amp;1 IONOS, 1&amp;1 IONOS SE, Elgendorfer Str. 57, [&hellip;]","og_url":"https:\/\/stroehmann.de\/gutachter\/datenschutz\/","og_site_name":"Gutachter Naturstein","article_modified_time":"2022-06-20T11:31:21+00:00","twitter_card":"summary_large_image","twitter_misc":{"Gesch\u00e4tzte Lesezeit":"3\u00a0Minuten"},"schema":{"@context":"https:\/\/schema.org","@graph":[{"@type":"WebPage","@id":"https:\/\/stroehmann.de\/gutachter\/datenschutz\/","url":"https:\/\/stroehmann.de\/gutachter\/datenschutz\/","name":"Datenschutz - Gutachter Naturstein","isPartOf":{"@id":"https:\/\/stroehmann.de\/gutachter\/#website"},"datePublished":"2022-02-02T20:17:19+00:00","dateModified":"2022-06-20T11:31:21+00:00","breadcrumb":{"@id":"https:\/\/stroehmann.de\/gutachter\/datenschutz\/#breadcrumb"},"inLanguage":"de","potentialAction":[{"@type":"ReadAction","target":["https:\/\/stroehmann.de\/gutachter\/datenschutz\/"]}]},{"@type":"BreadcrumbList","@id":"https:\/\/stroehmann.de\/gutachter\/datenschutz\/#breadcrumb","itemListElement":[{"@type":"ListItem","position":1,"name":"Startseite","item":"https:\/\/stroehmann.de\/gutachter\/"},{"@type":"ListItem","position":2,"name":"Datenschutz"}]},{"@type":"WebSite","@id":"https:\/\/stroehmann.de\/gutachter\/#website","url":"https:\/\/stroehmann.de\/gutachter\/","name":"Gutachter Naturstein","description":"","potentialAction":[{"@type":"SearchAction","target":{"@type":"EntryPoint","urlTemplate":"https:\/\/stroehmann.de\/gutachter\/?s={search_term_string}"},"query-input":{"@type":"PropertyValueSpecification","valueRequired":true,"valueName":"search_term_string"}}],"inLanguage":"de"}]}},"_links":{"self":[{"href":"https:\/\/stroehmann.de\/gutachter\/wp-json\/wp\/v2\/pages\/22","targetHints":{"allow":["GET"]}}],"collection":[{"href":"https:\/\/stroehmann.de\/gutachter\/wp-json\/wp\/v2\/pages"}],"about":[{"href":"https:\/\/stroehmann.de\/gutachter\/wp-json\/wp\/v2\/types\/page"}],"author":[{"embeddable":true,"href":"https:\/\/stroehmann.de\/gutachter\/wp-json\/wp\/v2\/users\/4"}],"replies":[{"embeddable":true,"href":"https:\/\/stroehmann.de\/gutachter\/wp-json\/wp\/v2\/comments?post=22"}],"version-history":[{"count":8,"href":"https:\/\/stroehmann.de\/gutachter\/wp-json\/wp\/v2\/pages\/22\/revisions"}],"predecessor-version":[{"id":132,"href":"https:\/\/stroehmann.de\/gutachter\/wp-json\/wp\/v2\/pages\/22\/revisions\/132"}],"wp:attachment":[{"href":"https:\/\/stroehmann.de\/gutachter\/wp-json\/wp\/v2\/media?parent=22"}],"curies":[{"name":"wp","href":"https:\/\/api.w.org\/{rel}","templated":true}]}}