{"id":5,"date":"2022-02-02T17:13:10","date_gmt":"2022-02-02T16:13:10","guid":{"rendered":"https:\/\/stroehmann.de\/gutachter\/?page_id=5"},"modified":"2023-01-11T14:20:53","modified_gmt":"2023-01-11T13:20:53","slug":"home","status":"publish","type":"page","link":"https:\/\/stroehmann.de\/gutachter\/","title":{"rendered":"Sachverst\u00e4ndiger"},"content":{"rendered":"<p>[vc_row full_width=&#8220;stretch_row_content_no_spaces&#8220; content_placement=&#8220;middle&#8220; content_text_aligment=&#8220;center&#8220; enable_skewed_section_effect=&#8220;yes&#8220; css=&#8220;.vc_custom_1648029380078{background-image: url(https:\/\/stroehmann.de\/gutachter\/wp-content\/uploads\/sites\/2\/2022\/02\/gutachter-naturstein-welle-e1648028815538.jpg?id=52) !important;background-position: center !important;background-repeat: no-repeat !important;background-size: cover !important;}&#8220;][vc_column offset=&#8220;vc_hidden-md vc_hidden-sm vc_hidden-xs&#8220;][vc_empty_space height=&#8220;160px&#8220;][vc_custom_heading text=&#8220;SACHVERST\u00c4NDIGENLEISTUNG UND ERSTELLUNG VON GUTACHTEN&#8220; font_container=&#8220;tag:h2|text_align:center|color:%2381d742|line_height:60px&#8220; use_theme_fonts=&#8220;yes&#8220; css=&#8220;.vc_custom_1673435028056{background-color: #ebebeb !important;}&#8220; el_class=&#8220;heading-special&#8220;][vc_empty_space height=&#8220;200px&#8220;][\/vc_column][\/vc_row][vc_row full_width=&#8220;stretch_row_content_no_spaces&#8220; content_placement=&#8220;middle&#8220; content_text_aligment=&#8220;center&#8220; enable_skewed_section_effect=&#8220;yes&#8220; css=&#8220;.vc_custom_1648029380078{background-image: url(https:\/\/stroehmann.de\/gutachter\/wp-content\/uploads\/sites\/2\/2022\/02\/gutachter-naturstein-welle-e1648028815538.jpg?id=52) !important;background-position: center !important;background-repeat: no-repeat !important;background-size: cover !important;}&#8220;][vc_column offset=&#8220;vc_hidden-lg&#8220;][vc_empty_space height=&#8220;60px&#8220;][vc_custom_heading text=&#8220;SACHVERST\u00c4NDIGENLEISTUNG UND ERSTELLUNG VON GUTACHTEN&#8220; font_container=&#8220;tag:h2|text_align:center|color:%2359d600|line_height:60px&#8220; use_theme_fonts=&#8220;yes&#8220; css=&#8220;.vc_custom_1648029718090{background-color: #ebebeb !important;}&#8220; el_class=&#8220;heading-special&#8220;][vc_empty_space height=&#8220;80px&#8220;][\/vc_column][\/vc_row][vc_row][vc_column][vc_custom_heading text=&#8220;Sachverst\u00e4ndiger f\u00fcr Naturstein Uwe Str\u00f6hmann&#8220; font_container=&#8220;tag:h3|text_align:left|color:%23999999&#8243; use_theme_fonts=&#8220;yes&#8220;][\/vc_column][\/vc_row][vc_row][vc_column][vc_column_text]Uwe Str\u00f6hmann ist von der Handwerkskammer Rhein-Main \u00f6ffentlich bestellter und vereidigter Sachverst\u00e4ndiger f\u00fcr Naturwerksteinarbeiten.<\/p>\n<p>Als bestellter Sachverst\u00e4ndiger ist Uwe Str\u00f6hmann an allen Gerichten in Deutschland zugelassen. Neben Amts-, Landes-, und Oberlandesgerichtsgutachten erstellt er Versicherungsgutachten, Privatgutachten und eine Vielzahl von Sachverst\u00e4ndigenleistungen.[\/vc_column_text][\/vc_column][\/vc_row][vc_row][vc_column][vc_column_text]Die Erstellung von Gutachten erstreckt sich auf folgende Sachgebiete:<\/p>\n<ul>\n<li>Beweissicherungen<\/li>\n<li>Schadensgutachten (einschlie\u00dflich der Ausarbeitung von Sanierungskonzepten)<\/li>\n<li>Schadensuntersuchungen<\/li>\n<li>Beratung und Qualit\u00e4tssicherung<\/li>\n<li>Bewertung von Naturwerksteinarbeiten<\/li>\n<li>Laboruntersuchungen<\/li>\n<li>Materialanalysen<\/li>\n<li>Petrographische Untersuchungen<\/li>\n<li>Schadenskartierungen<\/li>\n<li>Erarbeiten von Reinigungskonzepten (Bauschlussreinigung, Unterhaltsreinigung)<\/li>\n<\/ul>\n<p>Der Schwerpunkt der aufgef\u00fchrten Leistungen bezieht sich auf das Gewerk Naturstein. Die durch das Berufsbild der Steinmetze mit abgedeckten Gewerke, Betonwerkstein, Estrich, Keramik und Terrazzo werden gleichfalls bearbeitet.[\/vc_column_text][\/vc_column][\/vc_row][vc_row][vc_column][vc_empty_space height=&#8220;40px&#8220;][\/vc_column][\/vc_row][vc_row][vc_column][vc_custom_heading text=&#8220;Wann sollte ich einen Sachverst\u00e4ndigen f\u00fcr Naturstein hinzuziehen?&#8220; font_container=&#8220;tag:h3|text_align:left|color:%23999999&#8243; use_theme_fonts=&#8220;yes&#8220;][\/vc_column][\/vc_row][vc_row][vc_column][vc_column_text]Ein Sachverst\u00e4ndiger f\u00fcr Naturstein kann eine wertvolle Hilfe sein, wenn es darum geht, Arbeiten mit Naturstein zu beurteilen. Ein Gutachter oder Sachverst\u00e4ndiger f\u00fcr Naturstein ist ein Experte, der \u00fcber umfangreiche Kenntnisse und Erfahrungen im Bereich des Natursteinbaus verf\u00fcgt.<\/p>\n<p>Wenn Sie beabsichtigen, Naturstein in Ihrem Zuhause oder Ihrem Gewerbebau zu verwenden, sollten Sie unbedingt in Erw\u00e4gung ziehen, einen Sachverst\u00e4ndigen f\u00fcr Naturstein zu Rate zu ziehen. Ein Naturstein-Fachmann kann Ihnen bei der Auswahl der geeigneten Natursteinart und -qualit\u00e4t, bei der Planung der Verlegung und bei der Durchf\u00fchrung von Sanierungen und Reparaturen zur Seite stehen.<\/p>\n<p>Der Schwerpunkt eines Sachverst\u00e4ndigen f\u00fcr Naturstein liegt auf der Bewertung von Sch\u00e4den und M\u00e4ngeln an Natursteinbauteilen. Dar\u00fcber hinaus erhalten Sie Empfehlungen f\u00fcr deren Behebung. Zudem erhalten Sie Auskunft, ob bestimmte Natursteinbauteile den aktuellen Sicherheits- und Qualit\u00e4tsstandards entsprechen und ob sie fachgerecht eingebaut wurden.<\/p>\n<p>Insgesamt bietet der Einsatz eines Sachverst\u00e4ndigen f\u00fcr Naturstein eine Vielzahl von Vorteilen, wenn es darum geht, Natursteinarbeiten zu beurteilen sowie deren Einbau oder deren Sanierung zu planen.<br \/>\nF\u00fcr diese Themen k\u00f6nnen Sie sicher sein, dass Sie mit einem Fachmann wie Uwe Str\u00f6hmann in den besten H\u00e4nden sind.<strong>\u00a0<\/strong><\/p>\n<p>Es gibt einige Gr\u00fcnde, warum man einen Sachverst\u00e4ndigen f\u00fcr Naturstein hinzuziehen sollte. Hier sind ein paar Beispiele:<\/p>\n<ol>\n<li>Beim Kauf oder Verkauf von Immobilien: Ein Sachverst\u00e4ndiger f\u00fcr Naturstein kann beim Kauf oder Verkauf von Immobilien hilfreich sein, indem er die Natursteinarbeiten \u00a0der Immobilie beurteilt und m\u00f6gliche M\u00e4ngel feststellt.<\/li>\n<li>Bei Bauprojekten: Bei Bauprojekten kommt dem Sachverst\u00e4ndigen f\u00fcr Naturstein eine wichtige Rolle zu, indem er bei der Auswahl der geeigneten Natursteinart und -qualit\u00e4t ber\u00e4t und bei der Planung der Verlegung hilft.<br \/>\nDie Pr\u00fcfung und Abnahme der Arbeiten durch einen Sachverst\u00e4ndigen ist einer der letzten und wichtigsten Schritte, wenn Natursteinarbeiten ausgef\u00fchrt wurden.<\/li>\n<li>Bei Sch\u00e4den oder M\u00e4ngeln an Natursteinbauteilen: Ein Sachverst\u00e4ndiger f\u00fcr Naturstein kann bei Sch\u00e4den oder M\u00e4ngeln an Natursteinbauteilen hilfreich sein, indem er die Sch\u00e4den beurteilt und sichert, Schadensuntersuchungen durchf\u00fchrt und Empfehlungen f\u00fcr deren Behebung gibt.<\/li>\n<li>Bei Inspektionen und Wartungen: Bei Inspektionen und Wartungen kann der Sachverst\u00e4ndige f\u00fcr Naturstein feststellen, ob bestimmte Natursteinbauteile den aktuellen Sicherheits- und Qualit\u00e4tsstandards entsprechen und ob sie ausreichend gesichert und gepflegt wurden.<\/li>\n<\/ol>\n<p>Wenn Sie sich unsicher sind, ob Sie einen Sachverst\u00e4ndigen f\u00fcr Naturstein hinzuziehen sollten, k\u00f6nnen Sie uns um Rat fragen. Wir k\u00f6nnen Ihnen sagen, ob eine Sachverst\u00e4ndigenuntersuchung in Ihrem spezifischen Fall sinnvoll ist.[\/vc_column_text][\/vc_column][\/vc_row][vc_row][vc_column width=&#8220;1\/2&#8243;][vc_cta h2=&#8220;Jetzt Kontakt aufnehmen&#8220; h4=&#8220;Schaden am Bau?&#8220; txt_align=&#8220;center&#8220; style=&#8220;3d&#8220; color=&#8220;green&#8220; add_button=&#8220;bottom&#8220; btn_title=&#8220;Kontakt&#8220; btn_size=&#8220;lg&#8220; btn_align=&#8220;center&#8220; btn_link=&#8220;url:https%3A%2F%2Fstroehmann.de%2Fgutachter%2Fkontakt%2F|title:Kontakt&#8220; css=&#8220;.vc_custom_1646126776200{margin-top: 40px !important;}&#8220;]<strong><span style=\"color: #333333\">Ich helfe Ihnen den entstandenen Schaden zu bewerten!<\/span><\/strong>[\/vc_cta][\/vc_column][vc_column width=&#8220;1\/2&#8243;][vc_cta h2=&#8220;Warum bin ich der Richtige?&#8220; h4=&#8220;Erstellung von Gutachten&#8220; txt_align=&#8220;center&#8220; style=&#8220;3d&#8220; color=&#8220;green&#8220; add_button=&#8220;bottom&#8220; btn_title=&#8220;Qualifikationen&#8220; btn_size=&#8220;lg&#8220; btn_align=&#8220;center&#8220; btn_link=&#8220;url:https%3A%2F%2Fstroehmann.de%2Fgutachter%2Fqualifikation%2F|title:Kontakt&#8220; css=&#8220;.vc_custom_1655551451724{margin-top: 40px !important;}&#8220;]<strong><span style=\"color: #000000\">Meine Qualifikationen<\/span><\/strong>[\/vc_cta][\/vc_column][\/vc_row]<\/p>\n","protected":false},"excerpt":{"rendered":"<p>[vc_row full_width=&#8220;stretch_row_content_no_spaces&#8220; content_placement=&#8220;middle&#8220; content_text_aligment=&#8220;center&#8220; enable_skewed_section_effect=&#8220;yes&#8220; css=&#8220;.vc_custom_1648029380078{background-image: url(https:\/\/stroehmann.de\/gutachter\/wp-content\/uploads\/sites\/2\/2022\/02\/gutachter-naturstein-welle-e1648028815538.jpg?id=52) !important;background-position: center !important;background-repeat: no-repeat !important;background-size: cover !important;}&#8220;][vc_column offset=&#8220;vc_hidden-md vc_hidden-sm vc_hidden-xs&#8220;][vc_empty_space height=&#8220;160px&#8220;][vc_custom_heading text=&#8220;SACHVERST\u00c4NDIGENLEISTUNG UND ERSTELLUNG VON GUTACHTEN&#8220; font_container=&#8220;tag:h2|text_align:center|color:%2381d742|line_height:60px&#8220; use_theme_fonts=&#8220;yes&#8220; css=&#8220;.vc_custom_1673435028056{background-color: #ebebeb !important;}&#8220; el_class=&#8220;heading-special&#8220;][vc_empty_space height=&#8220;200px&#8220;][\/vc_column][\/vc_row][vc_row full_width=&#8220;stretch_row_content_no_spaces&#8220; content_placement=&#8220;middle&#8220; content_text_aligment=&#8220;center&#8220; enable_skewed_section_effect=&#8220;yes&#8220; css=&#8220;.vc_custom_1648029380078{background-image: url(https:\/\/stroehmann.de\/gutachter\/wp-content\/uploads\/sites\/2\/2022\/02\/gutachter-naturstein-welle-e1648028815538.jpg?id=52) !important;background-position: center !important;background-repeat: no-repeat [&hellip;]<\/p>\n","protected":false},"author":4,"featured_media":150,"parent":0,"menu_order":0,"comment_status":"closed","ping_status":"closed","template":"","meta":{"_monsterinsights_skip_tracking":false,"_monsterinsights_sitenote_active":false,"_monsterinsights_sitenote_note":"","_monsterinsights_sitenote_category":0,"footnotes":""},"class_list":["post-5","page","type-page","status-publish","has-post-thumbnail","hentry"],"yoast_head":"<!-- This site is optimized with the Yoast SEO plugin v25.2 - https:\/\/yoast.com\/wordpress\/plugins\/seo\/ -->\n<title>Sachverst\u00e4ndiger Uwe Str\u00f6hmann - Gutachter Naturstein<\/title>\n<meta name=\"description\" content=\"Sachverst\u00e4ndiger f\u00fcr Naturstein Uwe Str\u00f6hmann - \u00f6ffentlich bestellter und vereidigter Gutachter f\u00fcr Natursteinarbeiten durch die Handwerkskammer Rhein-Main.\" \/>\n<meta name=\"robots\" content=\"index, follow, max-snippet:-1, max-image-preview:large, max-video-preview:-1\" \/>\n<link rel=\"canonical\" href=\"https:\/\/stroehmann.de\/gutachter\/\" \/>\n<meta property=\"og:locale\" content=\"de_DE\" \/>\n<meta property=\"og:type\" content=\"article\" \/>\n<meta property=\"og:title\" content=\"% Uwe Str\u00f6hmann - Gutachter f\u00fcr Naturstein\" \/>\n<meta property=\"og:description\" content=\"Uwe Str\u00f6hmann ist von der Handwerkskammer Rhein-Main \u00f6ffentlich bestellter und vereidigter Sachverst\u00e4ndiger f\u00fcr Naturwerksteinarbeiten.Als bestellter Sachverst\u00e4ndiger ist Uwe Str\u00f6hmann an allen Gerichten in Deutschland zugelassen. Neben Amts-, Landes-, und Oberlandesgerichtsgutachten erstellt er Versicherungsgutachten, Privatgutachten und eine Vielzahl von Sachverst\u00e4ndigenleistungen.\" \/>\n<meta property=\"og:url\" content=\"https:\/\/stroehmann.de\/gutachter\/\" \/>\n<meta property=\"og:site_name\" content=\"Gutachter Naturstein\" \/>\n<meta property=\"article:modified_time\" content=\"2023-01-11T13:20:53+00:00\" \/>\n<meta property=\"og:image\" content=\"https:\/\/stroehmann.de\/gutachter\/wp-content\/uploads\/sites\/2\/2022\/02\/gutachter-naturstein-logo.jpg\" \/>\n\t<meta property=\"og:image:width\" content=\"617\" \/>\n\t<meta property=\"og:image:height\" content=\"296\" \/>\n\t<meta property=\"og:image:type\" content=\"image\/jpeg\" \/>\n<meta name=\"twitter:card\" content=\"summary_large_image\" \/>\n<meta name=\"twitter:label1\" content=\"Gesch\u00e4tzte Lesezeit\" \/>\n\t<meta name=\"twitter:data1\" content=\"4\u00a0Minuten\" \/>\n<script type=\"application\/ld+json\" class=\"yoast-schema-graph\">{\"@context\":\"https:\/\/schema.org\",\"@graph\":[{\"@type\":\"WebPage\",\"@id\":\"https:\/\/stroehmann.de\/gutachter\/\",\"url\":\"https:\/\/stroehmann.de\/gutachter\/\",\"name\":\"Sachverst\u00e4ndiger Uwe Str\u00f6hmann - Gutachter Naturstein\",\"isPartOf\":{\"@id\":\"https:\/\/stroehmann.de\/gutachter\/#website\"},\"primaryImageOfPage\":{\"@id\":\"https:\/\/stroehmann.de\/gutachter\/#primaryimage\"},\"image\":{\"@id\":\"https:\/\/stroehmann.de\/gutachter\/#primaryimage\"},\"thumbnailUrl\":\"https:\/\/stroehmann.de\/gutachter\/wp-content\/uploads\/sites\/2\/2023\/01\/uwe-spricht-gutachter.png\",\"datePublished\":\"2022-02-02T16:13:10+00:00\",\"dateModified\":\"2023-01-11T13:20:53+00:00\",\"description\":\"Sachverst\u00e4ndiger f\u00fcr Naturstein Uwe Str\u00f6hmann - \u00f6ffentlich bestellter und vereidigter Gutachter f\u00fcr Natursteinarbeiten durch die Handwerkskammer Rhein-Main.\",\"breadcrumb\":{\"@id\":\"https:\/\/stroehmann.de\/gutachter\/#breadcrumb\"},\"inLanguage\":\"de\",\"potentialAction\":[{\"@type\":\"ReadAction\",\"target\":[\"https:\/\/stroehmann.de\/gutachter\/\"]}]},{\"@type\":\"ImageObject\",\"inLanguage\":\"de\",\"@id\":\"https:\/\/stroehmann.de\/gutachter\/#primaryimage\",\"url\":\"https:\/\/stroehmann.de\/gutachter\/wp-content\/uploads\/sites\/2\/2023\/01\/uwe-spricht-gutachter.png\",\"contentUrl\":\"https:\/\/stroehmann.de\/gutachter\/wp-content\/uploads\/sites\/2\/2023\/01\/uwe-spricht-gutachter.png\",\"width\":1440,\"height\":532,\"caption\":\"Gutachter Uwe Str\u00f6hmann h\u00e4lt einen Vortrag\"},{\"@type\":\"BreadcrumbList\",\"@id\":\"https:\/\/stroehmann.de\/gutachter\/#breadcrumb\",\"itemListElement\":[{\"@type\":\"ListItem\",\"position\":1,\"name\":\"Startseite\",\"item\":\"https:\/\/stroehmann.de\/gutachter\/\"},{\"@type\":\"ListItem\",\"position\":2,\"name\":\"Sachverst\u00e4ndiger\"}]},{\"@type\":\"WebSite\",\"@id\":\"https:\/\/stroehmann.de\/gutachter\/#website\",\"url\":\"https:\/\/stroehmann.de\/gutachter\/\",\"name\":\"Gutachter Naturstein\",\"description\":\"\",\"potentialAction\":[{\"@type\":\"SearchAction\",\"target\":{\"@type\":\"EntryPoint\",\"urlTemplate\":\"https:\/\/stroehmann.de\/gutachter\/?s={search_term_string}\"},\"query-input\":{\"@type\":\"PropertyValueSpecification\",\"valueRequired\":true,\"valueName\":\"search_term_string\"}}],\"inLanguage\":\"de\"}]}<\/script>\n<!-- \/ Yoast SEO plugin. -->","yoast_head_json":{"title":"Sachverst\u00e4ndiger Uwe Str\u00f6hmann - Gutachter Naturstein","description":"Sachverst\u00e4ndiger f\u00fcr Naturstein Uwe Str\u00f6hmann - \u00f6ffentlich bestellter und vereidigter Gutachter f\u00fcr Natursteinarbeiten durch die Handwerkskammer Rhein-Main.","robots":{"index":"index","follow":"follow","max-snippet":"max-snippet:-1","max-image-preview":"max-image-preview:large","max-video-preview":"max-video-preview:-1"},"canonical":"https:\/\/stroehmann.de\/gutachter\/","og_locale":"de_DE","og_type":"article","og_title":"% Uwe Str\u00f6hmann - Gutachter f\u00fcr Naturstein","og_description":"Uwe Str\u00f6hmann ist von der Handwerkskammer Rhein-Main \u00f6ffentlich bestellter und vereidigter Sachverst\u00e4ndiger f\u00fcr Naturwerksteinarbeiten.Als bestellter Sachverst\u00e4ndiger ist Uwe Str\u00f6hmann an allen Gerichten in Deutschland zugelassen. Neben Amts-, Landes-, und Oberlandesgerichtsgutachten erstellt er Versicherungsgutachten, Privatgutachten und eine Vielzahl von Sachverst\u00e4ndigenleistungen.","og_url":"https:\/\/stroehmann.de\/gutachter\/","og_site_name":"Gutachter Naturstein","article_modified_time":"2023-01-11T13:20:53+00:00","og_image":[{"width":617,"height":296,"url":"https:\/\/stroehmann.de\/gutachter\/wp-content\/uploads\/sites\/2\/2022\/02\/gutachter-naturstein-logo.jpg","type":"image\/jpeg"}],"twitter_card":"summary_large_image","twitter_misc":{"Gesch\u00e4tzte Lesezeit":"4\u00a0Minuten"},"schema":{"@context":"https:\/\/schema.org","@graph":[{"@type":"WebPage","@id":"https:\/\/stroehmann.de\/gutachter\/","url":"https:\/\/stroehmann.de\/gutachter\/","name":"Sachverst\u00e4ndiger Uwe Str\u00f6hmann - Gutachter Naturstein","isPartOf":{"@id":"https:\/\/stroehmann.de\/gutachter\/#website"},"primaryImageOfPage":{"@id":"https:\/\/stroehmann.de\/gutachter\/#primaryimage"},"image":{"@id":"https:\/\/stroehmann.de\/gutachter\/#primaryimage"},"thumbnailUrl":"https:\/\/stroehmann.de\/gutachter\/wp-content\/uploads\/sites\/2\/2023\/01\/uwe-spricht-gutachter.png","datePublished":"2022-02-02T16:13:10+00:00","dateModified":"2023-01-11T13:20:53+00:00","description":"Sachverst\u00e4ndiger f\u00fcr Naturstein Uwe Str\u00f6hmann - \u00f6ffentlich bestellter und vereidigter Gutachter f\u00fcr Natursteinarbeiten durch die Handwerkskammer Rhein-Main.","breadcrumb":{"@id":"https:\/\/stroehmann.de\/gutachter\/#breadcrumb"},"inLanguage":"de","potentialAction":[{"@type":"ReadAction","target":["https:\/\/stroehmann.de\/gutachter\/"]}]},{"@type":"ImageObject","inLanguage":"de","@id":"https:\/\/stroehmann.de\/gutachter\/#primaryimage","url":"https:\/\/stroehmann.de\/gutachter\/wp-content\/uploads\/sites\/2\/2023\/01\/uwe-spricht-gutachter.png","contentUrl":"https:\/\/stroehmann.de\/gutachter\/wp-content\/uploads\/sites\/2\/2023\/01\/uwe-spricht-gutachter.png","width":1440,"height":532,"caption":"Gutachter Uwe Str\u00f6hmann h\u00e4lt einen Vortrag"},{"@type":"BreadcrumbList","@id":"https:\/\/stroehmann.de\/gutachter\/#breadcrumb","itemListElement":[{"@type":"ListItem","position":1,"name":"Startseite","item":"https:\/\/stroehmann.de\/gutachter\/"},{"@type":"ListItem","position":2,"name":"Sachverst\u00e4ndiger"}]},{"@type":"WebSite","@id":"https:\/\/stroehmann.de\/gutachter\/#website","url":"https:\/\/stroehmann.de\/gutachter\/","name":"Gutachter Naturstein","description":"","potentialAction":[{"@type":"SearchAction","target":{"@type":"EntryPoint","urlTemplate":"https:\/\/stroehmann.de\/gutachter\/?s={search_term_string}"},"query-input":{"@type":"PropertyValueSpecification","valueRequired":true,"valueName":"search_term_string"}}],"inLanguage":"de"}]}},"_links":{"self":[{"href":"https:\/\/stroehmann.de\/gutachter\/wp-json\/wp\/v2\/pages\/5","targetHints":{"allow":["GET"]}}],"collection":[{"href":"https:\/\/stroehmann.de\/gutachter\/wp-json\/wp\/v2\/pages"}],"about":[{"href":"https:\/\/stroehmann.de\/gutachter\/wp-json\/wp\/v2\/types\/page"}],"author":[{"embeddable":true,"href":"https:\/\/stroehmann.de\/gutachter\/wp-json\/wp\/v2\/users\/4"}],"replies":[{"embeddable":true,"href":"https:\/\/stroehmann.de\/gutachter\/wp-json\/wp\/v2\/comments?post=5"}],"version-history":[{"count":26,"href":"https:\/\/stroehmann.de\/gutachter\/wp-json\/wp\/v2\/pages\/5\/revisions"}],"predecessor-version":[{"id":149,"href":"https:\/\/stroehmann.de\/gutachter\/wp-json\/wp\/v2\/pages\/5\/revisions\/149"}],"wp:featuredmedia":[{"embeddable":true,"href":"https:\/\/stroehmann.de\/gutachter\/wp-json\/wp\/v2\/media\/150"}],"wp:attachment":[{"href":"https:\/\/stroehmann.de\/gutachter\/wp-json\/wp\/v2\/media?parent=5"}],"curies":[{"name":"wp","href":"https:\/\/api.w.org\/{rel}","templated":true}]}}